{"id":9,"date":"2025-05-05T11:04:23","date_gmt":"2025-05-05T09:04:23","guid":{"rendered":"http:\/\/cielavieestbelle.fr\/?page_id=9"},"modified":"2026-01-15T14:23:38","modified_gmt":"2026-01-15T13:23:38","slug":"leben-lieben","status":"publish","type":"page","link":"https:\/\/cielavieestbelle.fr\/index.php\/leben-lieben\/","title":{"rendered":"Ateliers de cr\u00e9ation"},"content":{"rendered":"\n<p><span class=\"has-superb-addons-text-align-justify\">Depuis septembre 2024, la compagnie La vie est belle propose des ateliers de cr\u00e9ation au sein de l&rsquo;\u00c9cole allemande &#8211; Deutsche Schule Toulouse \u00e0 Colomiers. Pendant chaque ann\u00e9e scolaire, Lisa Como rencontre un groupe de 20 \u00e9l\u00e8ves de CE1 et CE2, \u00e9crit une pi\u00e8ce de th\u00e9\u00e2tre adapt\u00e9e aux enfants et monte la mise en sc\u00e8ne qui est pr\u00e9sent\u00e9e toujours au mois de juin. <\/span><\/p>\n\n\n\n<div class=\"wp-block-group\"><div class=\"wp-block-group__inner-container is-layout-constrained wp-block-group-is-layout-constrained\">\n<figure class=\"wp-block-gallery has-nested-images columns-default is-cropped wp-block-gallery-1 is-layout-flex wp-block-gallery-is-layout-flex\">\n<figure class=\"wp-block-image size-large\"><img loading=\"lazy\" decoding=\"async\" width=\"1024\" height=\"843\" data-id=\"219\" src=\"https:\/\/cielavieestbelle.fr\/wp-content\/uploads\/2026\/01\/Dragon-zoom-1024x843.png\" alt=\"\" class=\"wp-image-219\" srcset=\"https:\/\/cielavieestbelle.fr\/wp-content\/uploads\/2026\/01\/Dragon-zoom-1024x843.png 1024w, https:\/\/cielavieestbelle.fr\/wp-content\/uploads\/2026\/01\/Dragon-zoom-300x247.png 300w, https:\/\/cielavieestbelle.fr\/wp-content\/uploads\/2026\/01\/Dragon-zoom-768x632.png 768w, https:\/\/cielavieestbelle.fr\/wp-content\/uploads\/2026\/01\/Dragon-zoom-850x699.png 850w, https:\/\/cielavieestbelle.fr\/wp-content\/uploads\/2026\/01\/Dragon-zoom.png 1501w\" sizes=\"auto, (max-width: 1024px) 100vw, 1024px\" \/><\/figure>\n<\/figure>\n<\/div><\/div>\n\n\n\n<p class=\"has-text-align-right\"><em>Cr\u00e9dits photo : Eva Zuliani<\/em><\/p>\n","protected":false},"excerpt":{"rendered":"<p>Depuis septembre 2024, la compagnie La vie est belle propose des ateliers de cr\u00e9ation au sein de l&rsquo;\u00c9cole allemande &#8211; Deutsche Schule Toulouse \u00e0 Colomiers. Pendant chaque ann\u00e9e scolaire, Lisa Como rencontre un groupe de 20 \u00e9l\u00e8ves de CE1 et CE2, \u00e9crit une pi\u00e8ce de th\u00e9\u00e2tre adapt\u00e9e aux enfants et&#8230;<\/p>\n","protected":false},"author":1,"featured_media":0,"parent":0,"menu_order":0,"comment_status":"closed","ping_status":"closed","template":"","meta":{"footnotes":""},"class_list":["post-9","page","type-page","status-publish","hentry"],"_links":{"self":[{"href":"https:\/\/cielavieestbelle.fr\/index.php\/wp-json\/wp\/v2\/pages\/9","targetHints":{"allow":["GET"]}}],"collection":[{"href":"https:\/\/cielavieestbelle.fr\/index.php\/wp-json\/wp\/v2\/pages"}],"about":[{"href":"https:\/\/cielavieestbelle.fr\/index.php\/wp-json\/wp\/v2\/types\/page"}],"author":[{"embeddable":true,"href":"https:\/\/cielavieestbelle.fr\/index.php\/wp-json\/wp\/v2\/users\/1"}],"replies":[{"embeddable":true,"href":"https:\/\/cielavieestbelle.fr\/index.php\/wp-json\/wp\/v2\/comments?post=9"}],"version-history":[{"count":8,"href":"https:\/\/cielavieestbelle.fr\/index.php\/wp-json\/wp\/v2\/pages\/9\/revisions"}],"predecessor-version":[{"id":227,"href":"https:\/\/cielavieestbelle.fr\/index.php\/wp-json\/wp\/v2\/pages\/9\/revisions\/227"}],"wp:attachment":[{"href":"https:\/\/cielavieestbelle.fr\/index.php\/wp-json\/wp\/v2\/media?parent=9"}],"curies":[{"name":"wp","href":"https:\/\/api.w.org\/{rel}","templated":true}]}}