{"id":8,"date":"2025-05-05T11:04:23","date_gmt":"2025-05-05T09:04:23","guid":{"rendered":"http:\/\/cielavieestbelle.fr\/?page_id=8"},"modified":"2026-01-15T12:36:37","modified_gmt":"2026-01-15T11:36:37","slug":"poem-of-a-river","status":"publish","type":"page","link":"https:\/\/cielavieestbelle.fr\/index.php\/poem-of-a-river\/","title":{"rendered":"POEM OF A RIVER"},"content":{"rendered":"\n<figure class=\"wp-block-image alignwide size-full\"><img loading=\"lazy\" decoding=\"async\" width=\"931\" height=\"415\" src=\"http:\/\/cielavieestbelle.fr\/wp-content\/uploads\/2026\/01\/POEM-OF-A-RIVER-titre-panorama-.png\" alt=\"\" class=\"wp-image-199\" srcset=\"https:\/\/cielavieestbelle.fr\/wp-content\/uploads\/2026\/01\/POEM-OF-A-RIVER-titre-panorama-.png 931w, https:\/\/cielavieestbelle.fr\/wp-content\/uploads\/2026\/01\/POEM-OF-A-RIVER-titre-panorama--300x134.png 300w, https:\/\/cielavieestbelle.fr\/wp-content\/uploads\/2026\/01\/POEM-OF-A-RIVER-titre-panorama--768x342.png 768w, https:\/\/cielavieestbelle.fr\/wp-content\/uploads\/2026\/01\/POEM-OF-A-RIVER-titre-panorama--850x379.png 850w\" sizes=\"auto, (max-width: 931px) 100vw, 931px\" \/><\/figure>\n\n\n\n<div class=\"wp-block-columns alignwide is-layout-flex wp-container-core-columns-is-layout-9d6595d7 wp-block-columns-is-layout-flex\">\n<div class=\"wp-block-column is-layout-flow wp-block-column-is-layout-flow\" style=\"flex-basis:33.33%\">\n<p><strong>Cr\u00e9ation 2027<\/strong><\/p>\n\n\n\n<p>\u00c9criture et mise en sc\u00e8ne<\/p>\n\n\n\n<p><strong>Lisa Como<\/strong><\/p>\n\n\n\n<p>\u00c9criture, rap et jeu<\/p>\n\n\n\n<p><strong>L\u00e9on Lia<\/strong><\/p>\n\n\n\n<p>Jeu<\/p>\n\n\n\n<p><strong>In\u00e8s Naoun<\/strong><\/p>\n\n\n\n<p>Cr\u00e9ation sonore<\/p>\n\n\n\n<p><strong>Joan Cambon<\/strong><\/p>\n\n\n\n<p>Lumi\u00e8re<\/p>\n\n\n\n<p><em>En cours<\/em><\/p>\n\n\n\n<p>Sc\u00e9nographie et assistanat \u00e0 la mise en sc\u00e8ne<\/p>\n\n\n\n<p><strong>Eva Zuliani<\/strong><\/p>\n\n\n\n<p>Mise en ombres<\/p>\n\n\n\n<p><strong>Ang\u00e8le Vouriot<\/strong><\/p>\n\n\n\n<p><\/p>\n\n\n\n<p>Coproduction<\/p>\n\n\n\n<p><strong>Th\u00e9\u00e2tre le Vent des Signes<\/strong><\/p>\n\n\n\n<p><strong>Th\u00e9\u00e2tre dans les Vignes<\/strong><\/p>\n\n\n\n<p><\/p>\n<\/div>\n\n\n\n<div class=\"wp-block-column is-layout-flow wp-block-column-is-layout-flow\" style=\"flex-basis:66.66%\">\n<p><span class=\"has-superb-addons-text-align-justify\">POEM OF A RIVER est <strong>un album th\u00e9\u00e2tral<\/strong> qui se situe entre \u00e9criture dramatique et musicale. Le chemin de cette pi\u00e8ce suit celui d\u2019une rivi\u00e8re : n\u00e9e dans les hauteurs de la montagne, elle serpente, vit, se transforme, avant de s\u2019\u00e9lancer dans l\u2019immensit\u00e9 de l\u2019oc\u00e9an. \u00c0 l\u2019image de cette eau qui coule sans fin, la pi\u00e8ce sera port\u00e9e, travers\u00e9e, nourrie par la musique. Son paysage sonore s\u2019inspire du r\u00e9pertoire classique (Schubert, Monteverdi, Vivaldi) aux textures minimales et \u00e9lectroniques (Joan Cambon, Sylvain Chauveau, \u00d3l\u00f6f Arnalds), en passant par les voix engag\u00e9es du rap (Kae Tempest, Leon Lia, Ebow).<\/span><\/p>\n\n\n\n<p><span class=\"has-superb-addons-text-align-justify\">Nous raconterons la fin de vie de ma grand-m\u00e8re, Marianne Como, qui \u00e0 92 ans, a d\u00e9cid\u00e9 de mourir. Elle a eu cette force immense de cesser de s\u2019alimenter et d&rsquo;attendre que la vie s\u2019\u00e9teigne. Dans cette d\u00e9cision radicale, elle a aussi d\u00fb apprendre \u00e0 l\u00e2cher voire m\u00eame \u00e0 capituler. C\u2019\u00e9tait un acte fondamental et instructif pour tout son entourage.<\/span><\/p>\n\n\n\n<p><span class=\"has-superb-addons-text-align-justify\">\u00c0 partir de cette <strong>exp\u00e9rience de fin de vie<\/strong>, je souhaite convoquer les souvenirs de moments marquants qui restent grav\u00e9s dans la m\u00e9moire. \u00c0 l\u2019image des r\u00e9cits de ma grand-m\u00e8re qui racontait beaucoup d\u2019histoires de son pass\u00e9, qui les ressassait m\u00eame dans ses d\u00e9lires de fin de vie. <strong>L\u2019h\u00e9ritage entre les g\u00e9n\u00e9rations de femmes<\/strong> \u2014 du regard de la grand-m\u00e8re \u00e0 celui de la petite-fille \u2014 constituera un fil conducteur essentiel. Quatre chapitres dans pi\u00e8ce parleront de d\u00e9sir, de naissance, de rage et de peur.<\/span><\/p>\n\n\n\n<p><span class=\"has-superb-addons-text-align-justify\">Ce projet invite \u00e0 regarder la vie comme un mouvement d\u2019eau : souple, r\u00e9silient, capable d\u2019\u00e9pouser les formes du monde. Notre force repose sur cette capacit\u00e9 \u00e0 nous adapter, \u00e0 \u00e9couter, \u00e0 apprendre de ce qui est autre. Ma fille m\u2019enseigne chaque jour que la puissance peut cohabiter avec l\u2019humilit\u00e9, tout en me pla\u00e7ant \u00e0 sa hauteur j\u2019apprends \u00e0 mieux grandir avec elle.<\/span><\/p>\n\n\n\n<p><span class=\"has-superb-addons-text-align-justify\">POEM OF A RIVER est une travers\u00e9e sensible qui puise sa puissance dans la rencontre de l\u2019autre. Et puis m\u00eame au del\u00e0 de la rencontre, nous sommes fait.e.s des m\u00eames \u00e9l\u00e9ments, de liens ind\u00e9niables qui brouillent les limites de notre individualit\u00e9 :<\/span><\/p>\n\n\n\n<p><em>\u00ab Nous sommes toutes et tous une m\u00eame vie.<br>Chacune de ces vies est \u00e0 son tour la m\u00e9tamorphose de la chair infinie du monde. \u00bb\u2028(M\u00e9tamorphoses, Emanuele Coccia, \u00c9d. Payot &amp; Rivages, Paris, 2020)<\/em><\/p>\n\n\n\n<p><span class=\"has-superb-addons-text-align-justify\">Je cr\u00e9erai cet album th\u00e9\u00e2tral ensemble avec la rappeuse Leon Lia, l\u2019interpr\u00e8te In\u00e8s Naoun et le cr\u00e9ateur sonore Joan Cambon. Carole China et Ang\u00e8le Vouriot rejoindront l\u2019\u00e9quipe pour concevoir l\u2019espace visuel de POEM OF A RIVER, en travaillant avec la lumi\u00e8re et la projection d\u2019ombres \u00e0 partir de dentelles pour transformer l\u2019espace concret d\u2019un salon en espace m\u00e9taphorique qui \u00e9voque l\u2019eau et les \u00e9l\u00e9ments.<\/span><\/p>\n\n\n\n<p><span class=\"has-superb-addons-text-align-justify\">Je souhaite cr\u00e9er avec mes complices dans l\u2019intelligence du partage et de l\u2019\u00e9coute. Ensemble, nous nourrirons un processus de recherche et de cr\u00e9ation, jusqu\u2019\u00e0 faire voyager POEM OF A RIVER peut-\u00eatre\u2026 jusqu\u2019\u00e0 l\u2019horizon des oc\u00e9ans.<\/span><\/p>\n\n\n\n<p><\/p>\n\n\n\n<p class=\"has-text-align-right\">\u2014 Lisa Como<\/p>\n<\/div>\n<\/div>\n\n\n\n<p><span class=\"has-superb-addons-text-align-justify\"><\/span><\/p>\n\n\n\n<figure class=\"wp-block-gallery has-nested-images columns-default is-cropped wp-block-gallery-1 is-layout-flex wp-block-gallery-is-layout-flex\">\n<figure class=\"wp-block-image size-large\"><img loading=\"lazy\" decoding=\"async\" width=\"740\" height=\"1024\" data-id=\"204\" src=\"https:\/\/cielavieestbelle.fr\/wp-content\/uploads\/2026\/01\/Lisa-et-Ines-POEM-credit-Eva-Zuliani-740x1024.jpeg\" alt=\"\" class=\"wp-image-204\" srcset=\"https:\/\/cielavieestbelle.fr\/wp-content\/uploads\/2026\/01\/Lisa-et-Ines-POEM-credit-Eva-Zuliani-740x1024.jpeg 740w, https:\/\/cielavieestbelle.fr\/wp-content\/uploads\/2026\/01\/Lisa-et-Ines-POEM-credit-Eva-Zuliani-217x300.jpeg 217w, https:\/\/cielavieestbelle.fr\/wp-content\/uploads\/2026\/01\/Lisa-et-Ines-POEM-credit-Eva-Zuliani-768x1063.jpeg 768w, https:\/\/cielavieestbelle.fr\/wp-content\/uploads\/2026\/01\/Lisa-et-Ines-POEM-credit-Eva-Zuliani-1109x1536.jpeg 1109w, https:\/\/cielavieestbelle.fr\/wp-content\/uploads\/2026\/01\/Lisa-et-Ines-POEM-credit-Eva-Zuliani-1479x2048.jpeg 1479w, https:\/\/cielavieestbelle.fr\/wp-content\/uploads\/2026\/01\/Lisa-et-Ines-POEM-credit-Eva-Zuliani-300x415.jpeg 300w, https:\/\/cielavieestbelle.fr\/wp-content\/uploads\/2026\/01\/Lisa-et-Ines-POEM-credit-Eva-Zuliani-850x1177.jpeg 850w, https:\/\/cielavieestbelle.fr\/wp-content\/uploads\/2026\/01\/Lisa-et-Ines-POEM-credit-Eva-Zuliani-scaled.jpeg 1849w\" sizes=\"auto, (max-width: 740px) 100vw, 740px\" \/><\/figure>\n\n\n\n<figure class=\"wp-block-image size-large\"><img loading=\"lazy\" decoding=\"async\" width=\"678\" height=\"1024\" data-id=\"207\" src=\"https:\/\/cielavieestbelle.fr\/wp-content\/uploads\/2026\/01\/Lea-POEM-credit-Eva-Zuliani-678x1024.jpg\" alt=\"\" class=\"wp-image-207\" srcset=\"https:\/\/cielavieestbelle.fr\/wp-content\/uploads\/2026\/01\/Lea-POEM-credit-Eva-Zuliani-678x1024.jpg 678w, https:\/\/cielavieestbelle.fr\/wp-content\/uploads\/2026\/01\/Lea-POEM-credit-Eva-Zuliani-199x300.jpg 199w, https:\/\/cielavieestbelle.fr\/wp-content\/uploads\/2026\/01\/Lea-POEM-credit-Eva-Zuliani-768x1160.jpg 768w, https:\/\/cielavieestbelle.fr\/wp-content\/uploads\/2026\/01\/Lea-POEM-credit-Eva-Zuliani-1017x1536.jpg 1017w, https:\/\/cielavieestbelle.fr\/wp-content\/uploads\/2026\/01\/Lea-POEM-credit-Eva-Zuliani-1356x2048.jpg 1356w, https:\/\/cielavieestbelle.fr\/wp-content\/uploads\/2026\/01\/Lea-POEM-credit-Eva-Zuliani-300x453.jpg 300w, https:\/\/cielavieestbelle.fr\/wp-content\/uploads\/2026\/01\/Lea-POEM-credit-Eva-Zuliani-850x1283.jpg 850w, https:\/\/cielavieestbelle.fr\/wp-content\/uploads\/2026\/01\/Lea-POEM-credit-Eva-Zuliani.jpg 1632w\" sizes=\"auto, (max-width: 678px) 100vw, 678px\" \/><\/figure>\n\n\n\n<figure class=\"wp-block-image size-large\"><img loading=\"lazy\" decoding=\"async\" width=\"768\" height=\"1024\" data-id=\"208\" src=\"https:\/\/cielavieestbelle.fr\/wp-content\/uploads\/2026\/01\/Ines-fantome-1-768x1024.jpg\" alt=\"\" class=\"wp-image-208\" srcset=\"https:\/\/cielavieestbelle.fr\/wp-content\/uploads\/2026\/01\/Ines-fantome-1-768x1024.jpg 768w, https:\/\/cielavieestbelle.fr\/wp-content\/uploads\/2026\/01\/Ines-fantome-1-225x300.jpg 225w, https:\/\/cielavieestbelle.fr\/wp-content\/uploads\/2026\/01\/Ines-fantome-1-1152x1536.jpg 1152w, https:\/\/cielavieestbelle.fr\/wp-content\/uploads\/2026\/01\/Ines-fantome-1-1536x2048.jpg 1536w, https:\/\/cielavieestbelle.fr\/wp-content\/uploads\/2026\/01\/Ines-fantome-1-300x400.jpg 300w, https:\/\/cielavieestbelle.fr\/wp-content\/uploads\/2026\/01\/Ines-fantome-1-850x1133.jpg 850w, https:\/\/cielavieestbelle.fr\/wp-content\/uploads\/2026\/01\/Ines-fantome-1-scaled.jpg 1920w\" sizes=\"auto, (max-width: 768px) 100vw, 768px\" \/><\/figure>\n\n\n\n<figure class=\"wp-block-image size-large\"><img loading=\"lazy\" decoding=\"async\" width=\"1024\" height=\"695\" data-id=\"206\" src=\"https:\/\/cielavieestbelle.fr\/wp-content\/uploads\/2026\/01\/Ines-et-Lea-POEM-credit-Eva-Zuliani-1024x695.jpg\" alt=\"\" class=\"wp-image-206\" srcset=\"https:\/\/cielavieestbelle.fr\/wp-content\/uploads\/2026\/01\/Ines-et-Lea-POEM-credit-Eva-Zuliani-1024x695.jpg 1024w, https:\/\/cielavieestbelle.fr\/wp-content\/uploads\/2026\/01\/Ines-et-Lea-POEM-credit-Eva-Zuliani-300x204.jpg 300w, https:\/\/cielavieestbelle.fr\/wp-content\/uploads\/2026\/01\/Ines-et-Lea-POEM-credit-Eva-Zuliani-768x521.jpg 768w, https:\/\/cielavieestbelle.fr\/wp-content\/uploads\/2026\/01\/Ines-et-Lea-POEM-credit-Eva-Zuliani-1536x1042.jpg 1536w, https:\/\/cielavieestbelle.fr\/wp-content\/uploads\/2026\/01\/Ines-et-Lea-POEM-credit-Eva-Zuliani-2048x1390.jpg 2048w, https:\/\/cielavieestbelle.fr\/wp-content\/uploads\/2026\/01\/Ines-et-Lea-POEM-credit-Eva-Zuliani-850x577.jpg 850w\" sizes=\"auto, (max-width: 1024px) 100vw, 1024px\" \/><\/figure>\n<\/figure>\n\n\n\n<p class=\"has-text-align-right\"><em>Cr\u00e9dits photo : Eva Zuliani<\/em><\/p>\n\n\n\n<p><span class=\"has-superb-addons-text-align-justify\"><\/span><\/p>\n\n\n\n<p><\/p>\n\n\n\n<p class=\"has-text-align-right\"><\/p>\n\n\n\n<p><\/p>\n","protected":false},"excerpt":{"rendered":"<p>Cr\u00e9ation 2027 \u00c9criture et mise en sc\u00e8ne Lisa Como \u00c9criture, rap et jeu L\u00e9on Lia Jeu In\u00e8s Naoun Cr\u00e9ation sonore Joan Cambon Lumi\u00e8re En cours Sc\u00e9nographie et assistanat \u00e0 la mise en sc\u00e8ne Eva Zuliani Mise en ombres Ang\u00e8le Vouriot Coproduction Th\u00e9\u00e2tre le Vent des Signes Th\u00e9\u00e2tre dans les Vignes&#8230;<\/p>\n","protected":false},"author":1,"featured_media":0,"parent":0,"menu_order":0,"comment_status":"closed","ping_status":"closed","template":"","meta":{"footnotes":""},"class_list":["post-8","page","type-page","status-publish","hentry"],"_links":{"self":[{"href":"https:\/\/cielavieestbelle.fr\/index.php\/wp-json\/wp\/v2\/pages\/8","targetHints":{"allow":["GET"]}}],"collection":[{"href":"https:\/\/cielavieestbelle.fr\/index.php\/wp-json\/wp\/v2\/pages"}],"about":[{"href":"https:\/\/cielavieestbelle.fr\/index.php\/wp-json\/wp\/v2\/types\/page"}],"author":[{"embeddable":true,"href":"https:\/\/cielavieestbelle.fr\/index.php\/wp-json\/wp\/v2\/users\/1"}],"replies":[{"embeddable":true,"href":"https:\/\/cielavieestbelle.fr\/index.php\/wp-json\/wp\/v2\/comments?post=8"}],"version-history":[{"count":21,"href":"https:\/\/cielavieestbelle.fr\/index.php\/wp-json\/wp\/v2\/pages\/8\/revisions"}],"predecessor-version":[{"id":210,"href":"https:\/\/cielavieestbelle.fr\/index.php\/wp-json\/wp\/v2\/pages\/8\/revisions\/210"}],"wp:attachment":[{"href":"https:\/\/cielavieestbelle.fr\/index.php\/wp-json\/wp\/v2\/media?parent=8"}],"curies":[{"name":"wp","href":"https:\/\/api.w.org\/{rel}","templated":true}]}}