{"id":11,"date":"2025-05-05T11:04:23","date_gmt":"2025-05-05T09:04:23","guid":{"rendered":"http:\/\/cielavieestbelle.fr\/?page_id=11"},"modified":"2025-05-22T11:53:05","modified_gmt":"2025-05-22T09:53:05","slug":"contact","status":"publish","type":"page","link":"https:\/\/cielavieestbelle.fr\/index.php\/contact\/","title":{"rendered":"Contact"},"content":{"rendered":"\n<p>Compagnie <strong>La vie est belle<\/strong><\/p>\n\n\n\n<p>Mail : cielavieestbelle@gmail.com<\/p>\n\n\n\n<p><\/p>\n\n\n\n<p>Si\u00e8ge<\/p>\n\n\n\n<p>33 avenue Victor Hugo<\/p>\n\n\n\n<p>31170 Tournefeuille<\/p>\n\n\n\n<p>Repr\u00e9sentante l\u00e9gale<\/p>\n\n\n\n<p>Pr\u00e9sidente&nbsp;: \u00c9lodie Vignes<\/p>\n\n\n\n<p>SIRET&nbsp;: 939631925 00012<\/p>\n\n\n\n<p>LICENCE 2&nbsp;: L-D-2025-2618<\/p>\n\n\n\n<p>Code APE&nbsp;: 9001Z<\/p>\n","protected":false},"excerpt":{"rendered":"<p>Compagnie La vie est belle Mail : cielavieestbelle@gmail.com Si\u00e8ge 33 avenue Victor Hugo 31170 Tournefeuille Repr\u00e9sentante l\u00e9gale Pr\u00e9sidente&nbsp;: \u00c9lodie Vignes SIRET&nbsp;: 939631925 00012 LICENCE 2&nbsp;: L-D-2025-2618 Code APE&nbsp;: 9001Z<\/p>\n","protected":false},"author":1,"featured_media":0,"parent":0,"menu_order":0,"comment_status":"closed","ping_status":"closed","template":"","meta":{"footnotes":""},"class_list":["post-11","page","type-page","status-publish","hentry"],"_links":{"self":[{"href":"https:\/\/cielavieestbelle.fr\/index.php\/wp-json\/wp\/v2\/pages\/11","targetHints":{"allow":["GET"]}}],"collection":[{"href":"https:\/\/cielavieestbelle.fr\/index.php\/wp-json\/wp\/v2\/pages"}],"about":[{"href":"https:\/\/cielavieestbelle.fr\/index.php\/wp-json\/wp\/v2\/types\/page"}],"author":[{"embeddable":true,"href":"https:\/\/cielavieestbelle.fr\/index.php\/wp-json\/wp\/v2\/users\/1"}],"replies":[{"embeddable":true,"href":"https:\/\/cielavieestbelle.fr\/index.php\/wp-json\/wp\/v2\/comments?post=11"}],"version-history":[{"count":3,"href":"https:\/\/cielavieestbelle.fr\/index.php\/wp-json\/wp\/v2\/pages\/11\/revisions"}],"predecessor-version":[{"id":187,"href":"https:\/\/cielavieestbelle.fr\/index.php\/wp-json\/wp\/v2\/pages\/11\/revisions\/187"}],"wp:attachment":[{"href":"https:\/\/cielavieestbelle.fr\/index.php\/wp-json\/wp\/v2\/media?parent=11"}],"curies":[{"name":"wp","href":"https:\/\/api.w.org\/{rel}","templated":true}]}}