{"id":10,"date":"2025-05-05T11:04:23","date_gmt":"2025-05-05T09:04:23","guid":{"rendered":"http:\/\/cielavieestbelle.fr\/?page_id=10"},"modified":"2026-01-15T14:21:50","modified_gmt":"2026-01-15T13:21:50","slug":"la-compagnie-lisa-como","status":"publish","type":"page","link":"https:\/\/cielavieestbelle.fr\/","title":{"rendered":"La compagnie"},"content":{"rendered":"\n<p><strong>La vie est belle<\/strong><\/p>\n\n\n\n<p><span class=\"has-superb-addons-text-align-justify\">\u00c9tablie \u00e0 Tournefeuille, voisine de la ville rose, la compagnie La vie est belle porte les cr\u00e9ations et projets p\u00e9dagogiques de la metteure en sc\u00e8ne Lisa Como. Son travail entre <strong>th\u00e9\u00e2tre et musique<\/strong> tente de faire appara\u00eetre l&rsquo;intensit\u00e9 de la vie et de nos sensations. <strong>Cr\u00e9ation et transmission<\/strong> sont deux les piliers de la compagnie.<\/span><\/p>\n\n\n\n<p><strong>Lisa Como<\/strong><\/p>\n\n\n\n<p class=\"has-text-align-left\"><span class=\"has-superb-addons-text-align-justify\">Lisa Como est d\u2019origine allemande. Elle a v\u00e9cu \u00e0 Berlin et \u00e0 Toulouse avant d\u2019\u00e9tudier la mise en sc\u00e8ne \u00e0 <strong>la Manufacture de Lausanne<\/strong> (Suisse). Son parcours universitaire a d\u00e9but\u00e9 en 2010 \u00e0 Berlin en \u00e9tudes th\u00e9\u00e2trales et en lettres fran\u00e7aises. Elle poursuit ensuite ses \u00e9tudes \u00e0 Toulouse et obtient en 2013 un master I de recherche en th\u00e9\u00e2tre et en 2014 un master II en \u00ab\u00a0Administration des activit\u00e9s culturelles\u00a0\u00bb. Elle d\u00e9bute son parcours professionnel en travaillant au Th\u00e9\u00e2tre National de Toulouse puis en tant qu\u2019assistante \u00e0 la direction au th\u00e9\u00e2tre Garonne. Elle se forme au jeu d\u2019acteur au th\u00e9\u00e2tre Le Hangar \u00e0 Toulouse o\u00f9 elle se fascine pour la musicalit\u00e9 et la corporalit\u00e9 dans le th\u00e9\u00e2tre.<br>Elle d\u00e9cide alors de se consacrer pleinement \u00e0 la cr\u00e9ation en int\u00e9grant le master Mise en sc\u00e8ne \u00e0 la Manufacture en 2016. Suite au master, elle lance sa <strong>premi\u00e8re cr\u00e9ation LEBEN LIEBEN<\/strong>, une mise en sc\u00e8ne et en son du monologue Ph\u00e8dre de Yannis Ritsos, interpr\u00e9t\u00e9 et slam\u00e9 par M\u00e9lina Martin et accompagn\u00e9 par le batteur Samuel Boutros.<br>En parall\u00e8le de ses \u00e9tudes, elle a \u00e9t\u00e9 <strong>assistante \u00e0 la mise en sc\u00e8ne<\/strong> au Schauspiel Frankfurt, au Deutsches Theater Berlin, puis a travaill\u00e9 pour <strong>Laetitia Dosch<\/strong> lors de la cr\u00e9ation <strong>HATE<\/strong> au th\u00e9\u00e2tre Vidy Lausanne en juin 2018. Pendant les saisons 2018-2019 et 2019-2020, elle assiste <strong>Thomas Ostermeier<\/strong> pour <strong>Retour \u00e0 Reims<\/strong> et David Marton pour Narcisse et Echo. En 2021-2022, elle assiste <strong>Tiago Rodrigues<\/strong> pour la cr\u00e9ation de <strong>Dans la mesure de l\u2019impossible<\/strong> \u00e0 la Com\u00e9die de Gen\u00e8ve qui est en tourn\u00e9e mondiale jusqu\u2019\u00e0 aujourd\u2019hui. En automne 2024, elle cr\u00e9e aux c\u00f4t\u00e9s de <strong>Doroth\u00e9e Munyaneza<\/strong> <strong>Inconditionnelles<\/strong> <strong>de Kae Tempest<\/strong> au Th\u00e9\u00e2tre national de Strasbourg et aux Bouffes du Nord \u00e0 Paris.<br>En septembre 2024, la compagnie La vie est belle qui porte des ateliers de cr\u00e9ation, la cr\u00e9ation LEBEN LIEBEN et sa deuxi\u00e8me mise en sc\u00e8ne POEM OF A RIVER de Lisa Como, est fond\u00e9e. Elle a la forte volont\u00e9 de s\u2019\u00e9tablir activement dans le paysage th\u00e9\u00e2tral de Toulouse et ses environs.<\/span><\/p>\n","protected":false},"excerpt":{"rendered":"<p>La vie est belle \u00c9tablie \u00e0 Tournefeuille, voisine de la ville rose, la compagnie La vie est belle porte les cr\u00e9ations et projets p\u00e9dagogiques de la metteure en sc\u00e8ne Lisa Como. Son travail entre th\u00e9\u00e2tre et musique tente de faire appara\u00eetre l&rsquo;intensit\u00e9 de la vie et de nos sensations. Cr\u00e9ation&#8230;<\/p>\n","protected":false},"author":1,"featured_media":0,"parent":0,"menu_order":0,"comment_status":"closed","ping_status":"closed","template":"","meta":{"footnotes":""},"class_list":["post-10","page","type-page","status-publish","hentry"],"_links":{"self":[{"href":"https:\/\/cielavieestbelle.fr\/index.php\/wp-json\/wp\/v2\/pages\/10","targetHints":{"allow":["GET"]}}],"collection":[{"href":"https:\/\/cielavieestbelle.fr\/index.php\/wp-json\/wp\/v2\/pages"}],"about":[{"href":"https:\/\/cielavieestbelle.fr\/index.php\/wp-json\/wp\/v2\/types\/page"}],"author":[{"embeddable":true,"href":"https:\/\/cielavieestbelle.fr\/index.php\/wp-json\/wp\/v2\/users\/1"}],"replies":[{"embeddable":true,"href":"https:\/\/cielavieestbelle.fr\/index.php\/wp-json\/wp\/v2\/comments?post=10"}],"version-history":[{"count":11,"href":"https:\/\/cielavieestbelle.fr\/index.php\/wp-json\/wp\/v2\/pages\/10\/revisions"}],"predecessor-version":[{"id":225,"href":"https:\/\/cielavieestbelle.fr\/index.php\/wp-json\/wp\/v2\/pages\/10\/revisions\/225"}],"wp:attachment":[{"href":"https:\/\/cielavieestbelle.fr\/index.php\/wp-json\/wp\/v2\/media?parent=10"}],"curies":[{"name":"wp","href":"https:\/\/api.w.org\/{rel}","templated":true}]}}